




{"id":116,"date":"2015-05-13T10:29:55","date_gmt":"2015-05-13T10:29:55","guid":{"rendered":"http:\/\/lakukula.com\/?page_id=116"},"modified":"2015-05-19T08:45:13","modified_gmt":"2015-05-19T08:45:13","slug":"paisajes","status":"publish","type":"page","link":"https:\/\/lakukula.com\/index.php\/paisajes\/","title":{"rendered":"PAISAJES"},"content":{"rendered":"<p>Esta es la galer\u00eda de fotograf\u00edas sobre paisajes, vistas, estampas, calles y casas de nuestro pueblo.<\/p>\n<!-- index.php -->\n<div\n\tclass=\"ngg-galleryoverview\n\t ngg-ajax-pagination-none\t\"\n\tid=\"ngg-gallery-13326782c44a0ead2f4b24ed4f5603ac-1\">\n\n\t\t<div class=\"slideshowlink\">\n\t\t<a href='https:\/\/lakukula.com\/index.php\/paisajes\/nggallery\/slideshow'>[Mostrar im\u00e1genes en presentaci\u00f3n de diapositivas]<\/a>\n\n\t<\/div>\n\t\t\t<!-- Thumbnails -->\n\t\t\t\t<div id=\"ngg-image-0\" class=\"ngg-gallery-thumbnail-box\"\n\t\t\t\t\t\t\t\t\t\t\t>\n\t\t\t\t\t\t<div class=\"ngg-gallery-thumbnail\">\n\t\t\t<a href=\"https:\/\/lakukula.com\/wp-content\/gallery\/paisajes\/burgi_udazkenean.jpg\"\n\t\t\t\ttitle=\"Vista de Burgui\"\n\t\t\t\tdata-src=\"https:\/\/lakukula.com\/wp-content\/gallery\/paisajes\/burgi_udazkenean.jpg\"\n\t\t\t\tdata-thumbnail=\"https:\/\/lakukula.com\/wp-content\/gallery\/paisajes\/thumbs\/thumbs_burgi_udazkenean.jpg\"\n\t\t\t\tdata-image-id=\"5\"\n\t\t\t\tdata-title=\"burgi_udazkenean.jpg\"\n\t\t\t\tdata-description=\"Vista de Burgui\"\n\t\t\t\tdata-image-slug=\"burgi_udazkenean-jpg\"\n\t\t\t\tclass=\"ngg-fancybox\" rel=\"13326782c44a0ead2f4b24ed4f5603ac\">\n\t\t\t\t<img\n\t\t\t\t\ttitle=\"burgi_udazkenean.jpg\"\n\t\t\t\t\talt=\"burgi_udazkenean.jpg\"\n\t\t\t\t\tsrc=\"https:\/\/lakukula.com\/wp-content\/gallery\/paisajes\/thumbs\/thumbs_burgi_udazkenean.jpg\"\n\t\t\t\t\twidth=\"120\"\n\t\t\t\t\theight=\"90\"\n\t\t\t\t\tstyle=\"max-width:100%;\"\n\t\t\t\t\/>\n\t\t\t<\/a>\n\t\t<\/div>\n\t\t\t\t\t\t\t<\/div>\n\t\t\t\n\t\t\n\t\t\t\t<div id=\"ngg-image-1\" class=\"ngg-gallery-thumbnail-box\"\n\t\t\t\t\t\t\t\t\t\t\t>\n\t\t\t\t\t\t<div class=\"ngg-gallery-thumbnail\">\n\t\t\t<a href=\"https:\/\/lakukula.com\/wp-content\/gallery\/paisajes\/postal.jpg\"\n\t\t\t\ttitle=\"Antigua postal tur\u00edstica de Burgui\"\n\t\t\t\tdata-src=\"https:\/\/lakukula.com\/wp-content\/gallery\/paisajes\/postal.jpg\"\n\t\t\t\tdata-thumbnail=\"https:\/\/lakukula.com\/wp-content\/gallery\/paisajes\/thumbs\/thumbs_postal.jpg\"\n\t\t\t\tdata-image-id=\"68\"\n\t\t\t\tdata-title=\"postal\"\n\t\t\t\tdata-description=\"Antigua postal tur\u00edstica de Burgui\"\n\t\t\t\tdata-image-slug=\"postal\"\n\t\t\t\tclass=\"ngg-fancybox\" rel=\"13326782c44a0ead2f4b24ed4f5603ac\">\n\t\t\t\t<img\n\t\t\t\t\ttitle=\"postal\"\n\t\t\t\t\talt=\"postal\"\n\t\t\t\t\tsrc=\"https:\/\/lakukula.com\/wp-content\/gallery\/paisajes\/thumbs\/thumbs_postal.jpg\"\n\t\t\t\t\twidth=\"120\"\n\t\t\t\t\theight=\"90\"\n\t\t\t\t\tstyle=\"max-width:100%;\"\n\t\t\t\t\/>\n\t\t\t<\/a>\n\t\t<\/div>\n\t\t\t\t\t\t\t<\/div>\n\t\t\t\n\t\t\n\t\t\t\t<div id=\"ngg-image-2\" class=\"ngg-gallery-thumbnail-box\"\n\t\t\t\t\t\t\t\t\t\t\t>\n\t\t\t\t\t\t<div class=\"ngg-gallery-thumbnail\">\n\t\t\t<a href=\"https:\/\/lakukula.com\/wp-content\/gallery\/paisajes\/Burgui.JPG\"\n\t\t\t\ttitle=\"Vista de Burgui\"\n\t\t\t\tdata-src=\"https:\/\/lakukula.com\/wp-content\/gallery\/paisajes\/Burgui.JPG\"\n\t\t\t\tdata-thumbnail=\"https:\/\/lakukula.com\/wp-content\/gallery\/paisajes\/thumbs\/thumbs_Burgui.JPG\"\n\t\t\t\tdata-image-id=\"161\"\n\t\t\t\tdata-title=\"Burgui\"\n\t\t\t\tdata-description=\"Vista de Burgui\"\n\t\t\t\tdata-image-slug=\"burgui\"\n\t\t\t\tclass=\"ngg-fancybox\" rel=\"13326782c44a0ead2f4b24ed4f5603ac\">\n\t\t\t\t<img\n\t\t\t\t\ttitle=\"Burgui\"\n\t\t\t\t\talt=\"Burgui\"\n\t\t\t\t\tsrc=\"https:\/\/lakukula.com\/wp-content\/gallery\/paisajes\/thumbs\/thumbs_Burgui.JPG\"\n\t\t\t\t\twidth=\"120\"\n\t\t\t\t\theight=\"90\"\n\t\t\t\t\tstyle=\"max-width:100%;\"\n\t\t\t\t\/>\n\t\t\t<\/a>\n\t\t<\/div>\n\t\t\t\t\t\t\t<\/div>\n\t\t\t\n\t\t\n\t\t\t\t<div id=\"ngg-image-3\" class=\"ngg-gallery-thumbnail-box\"\n\t\t\t\t\t\t\t\t\t\t\t>\n\t\t\t\t\t\t<div class=\"ngg-gallery-thumbnail\">\n\t\t\t<a href=\"https:\/\/lakukula.com\/wp-content\/gallery\/paisajes\/calle.JPG\"\n\t\t\t\ttitle=\"Calle La Cerca, a\u00f1os 60\"\n\t\t\t\tdata-src=\"https:\/\/lakukula.com\/wp-content\/gallery\/paisajes\/calle.JPG\"\n\t\t\t\tdata-thumbnail=\"https:\/\/lakukula.com\/wp-content\/gallery\/paisajes\/thumbs\/thumbs_calle.JPG\"\n\t\t\t\tdata-image-id=\"150\"\n\t\t\t\tdata-title=\"calle\"\n\t\t\t\tdata-description=\"Calle La Cerca, a\u00f1os 60\"\n\t\t\t\tdata-image-slug=\"calle\"\n\t\t\t\tclass=\"ngg-fancybox\" rel=\"13326782c44a0ead2f4b24ed4f5603ac\">\n\t\t\t\t<img\n\t\t\t\t\ttitle=\"calle\"\n\t\t\t\t\talt=\"calle\"\n\t\t\t\t\tsrc=\"https:\/\/lakukula.com\/wp-content\/gallery\/paisajes\/thumbs\/thumbs_calle.JPG\"\n\t\t\t\t\twidth=\"120\"\n\t\t\t\t\theight=\"90\"\n\t\t\t\t\tstyle=\"max-width:100%;\"\n\t\t\t\t\/>\n\t\t\t<\/a>\n\t\t<\/div>\n\t\t\t\t\t\t\t<\/div>\n\t\t\t\n\t\t\n\t\t\t\t<div id=\"ngg-image-4\" class=\"ngg-gallery-thumbnail-box\"\n\t\t\t\t\t\t\t\t\t\t\t>\n\t\t\t\t\t\t<div class=\"ngg-gallery-thumbnail\">\n\t\t\t<a href=\"https:\/\/lakukula.com\/wp-content\/gallery\/paisajes\/FotoBurgui1925.JPG\"\n\t\t\t\ttitle=\"Estampa del pueblo de Burgui hacia 1925.\"\n\t\t\t\tdata-src=\"https:\/\/lakukula.com\/wp-content\/gallery\/paisajes\/FotoBurgui1925.JPG\"\n\t\t\t\tdata-thumbnail=\"https:\/\/lakukula.com\/wp-content\/gallery\/paisajes\/thumbs\/thumbs_FotoBurgui1925.JPG\"\n\t\t\t\tdata-image-id=\"130\"\n\t\t\t\tdata-title=\"FotoBurgui1925\"\n\t\t\t\tdata-description=\"Estampa del pueblo de Burgui hacia 1925.\"\n\t\t\t\tdata-image-slug=\"fotoburgui1925\"\n\t\t\t\tclass=\"ngg-fancybox\" rel=\"13326782c44a0ead2f4b24ed4f5603ac\">\n\t\t\t\t<img\n\t\t\t\t\ttitle=\"FotoBurgui1925\"\n\t\t\t\t\talt=\"FotoBurgui1925\"\n\t\t\t\t\tsrc=\"https:\/\/lakukula.com\/wp-content\/gallery\/paisajes\/thumbs\/thumbs_FotoBurgui1925.JPG\"\n\t\t\t\t\twidth=\"120\"\n\t\t\t\t\theight=\"90\"\n\t\t\t\t\tstyle=\"max-width:100%;\"\n\t\t\t\t\/>\n\t\t\t<\/a>\n\t\t<\/div>\n\t\t\t\t\t\t\t<\/div>\n\t\t\t\n\t\t\n\t\t\t\t<div id=\"ngg-image-5\" class=\"ngg-gallery-thumbnail-box\"\n\t\t\t\t\t\t\t\t\t\t\t>\n\t\t\t\t\t\t<div class=\"ngg-gallery-thumbnail\">\n\t\t\t<a href=\"https:\/\/lakukula.com\/wp-content\/gallery\/paisajes\/Burgui13-10-03-1.jpg\"\n\t\t\t\ttitle=\"Vista del puente y foz de Burgui, 2003.\"\n\t\t\t\tdata-src=\"https:\/\/lakukula.com\/wp-content\/gallery\/paisajes\/Burgui13-10-03-1.jpg\"\n\t\t\t\tdata-thumbnail=\"https:\/\/lakukula.com\/wp-content\/gallery\/paisajes\/thumbs\/thumbs_Burgui13-10-03-1.jpg\"\n\t\t\t\tdata-image-id=\"129\"\n\t\t\t\tdata-title=\"Burgui,13-10-03 (1)\"\n\t\t\t\tdata-description=\"Vista del puente y foz de Burgui, 2003.\"\n\t\t\t\tdata-image-slug=\"burgui13-10-03-1\"\n\t\t\t\tclass=\"ngg-fancybox\" rel=\"13326782c44a0ead2f4b24ed4f5603ac\">\n\t\t\t\t<img\n\t\t\t\t\ttitle=\"Burgui,13-10-03 (1)\"\n\t\t\t\t\talt=\"Burgui,13-10-03 (1)\"\n\t\t\t\t\tsrc=\"https:\/\/lakukula.com\/wp-content\/gallery\/paisajes\/thumbs\/thumbs_Burgui13-10-03-1.jpg\"\n\t\t\t\t\twidth=\"120\"\n\t\t\t\t\theight=\"90\"\n\t\t\t\t\tstyle=\"max-width:100%;\"\n\t\t\t\t\/>\n\t\t\t<\/a>\n\t\t<\/div>\n\t\t\t\t\t\t\t<\/div>\n\t\t\t\n\t\t\n\t\t\t\t<div id=\"ngg-image-6\" class=\"ngg-gallery-thumbnail-box\"\n\t\t\t\t\t\t\t\t\t\t\t>\n\t\t\t\t\t\t<div class=\"ngg-gallery-thumbnail\">\n\t\t\t<a href=\"https:\/\/lakukula.com\/wp-content\/gallery\/paisajes\/CASA.jpg\"\n\t\t\t\ttitle=\"Fachada de casa Macoyas en Burgui\"\n\t\t\t\tdata-src=\"https:\/\/lakukula.com\/wp-content\/gallery\/paisajes\/CASA.jpg\"\n\t\t\t\tdata-thumbnail=\"https:\/\/lakukula.com\/wp-content\/gallery\/paisajes\/thumbs\/thumbs_CASA.jpg\"\n\t\t\t\tdata-image-id=\"72\"\n\t\t\t\tdata-title=\"CASA\"\n\t\t\t\tdata-description=\"Fachada de casa Macoyas en Burgui\"\n\t\t\t\tdata-image-slug=\"casa\"\n\t\t\t\tclass=\"ngg-fancybox\" rel=\"13326782c44a0ead2f4b24ed4f5603ac\">\n\t\t\t\t<img\n\t\t\t\t\ttitle=\"CASA\"\n\t\t\t\t\talt=\"CASA\"\n\t\t\t\t\tsrc=\"https:\/\/lakukula.com\/wp-content\/gallery\/paisajes\/thumbs\/thumbs_CASA.jpg\"\n\t\t\t\t\twidth=\"120\"\n\t\t\t\t\theight=\"90\"\n\t\t\t\t\tstyle=\"max-width:100%;\"\n\t\t\t\t\/>\n\t\t\t<\/a>\n\t\t<\/div>\n\t\t\t\t\t\t\t<\/div>\n\t\t\t\n\t\t\n\t\t\t\t<div id=\"ngg-image-7\" class=\"ngg-gallery-thumbnail-box\"\n\t\t\t\t\t\t\t\t\t\t\t>\n\t\t\t\t\t\t<div class=\"ngg-gallery-thumbnail\">\n\t\t\t<a href=\"https:\/\/lakukula.com\/wp-content\/gallery\/paisajes\/CARRETERA.jpg\"\n\t\t\t\ttitle=\"Construcci\u00f3n de la actual carretera a su paso por la Foz de Burgui\"\n\t\t\t\tdata-src=\"https:\/\/lakukula.com\/wp-content\/gallery\/paisajes\/CARRETERA.jpg\"\n\t\t\t\tdata-thumbnail=\"https:\/\/lakukula.com\/wp-content\/gallery\/paisajes\/thumbs\/thumbs_CARRETERA.jpg\"\n\t\t\t\tdata-image-id=\"71\"\n\t\t\t\tdata-title=\"CARRETERA\"\n\t\t\t\tdata-description=\"Construcci\u00f3n de la actual carretera a su paso por la Foz de Burgui\"\n\t\t\t\tdata-image-slug=\"carretera\"\n\t\t\t\tclass=\"ngg-fancybox\" rel=\"13326782c44a0ead2f4b24ed4f5603ac\">\n\t\t\t\t<img\n\t\t\t\t\ttitle=\"CARRETERA\"\n\t\t\t\t\talt=\"CARRETERA\"\n\t\t\t\t\tsrc=\"https:\/\/lakukula.com\/wp-content\/gallery\/paisajes\/thumbs\/thumbs_CARRETERA.jpg\"\n\t\t\t\t\twidth=\"120\"\n\t\t\t\t\theight=\"90\"\n\t\t\t\t\tstyle=\"max-width:100%;\"\n\t\t\t\t\/>\n\t\t\t<\/a>\n\t\t<\/div>\n\t\t\t\t\t\t\t<\/div>\n\t\t\t\n\t\t\n\t\t\t\t<div id=\"ngg-image-8\" class=\"ngg-gallery-thumbnail-box\"\n\t\t\t\t\t\t\t\t\t\t\t>\n\t\t\t\t\t\t<div class=\"ngg-gallery-thumbnail\">\n\t\t\t<a href=\"https:\/\/lakukula.com\/wp-content\/gallery\/paisajes\/PUENTEBINIES.jpg\"\n\t\t\t\ttitle=\"Estado del puente sobre el barranco Bini\u00e9s en 2015.\"\n\t\t\t\tdata-src=\"https:\/\/lakukula.com\/wp-content\/gallery\/paisajes\/PUENTEBINIES.jpg\"\n\t\t\t\tdata-thumbnail=\"https:\/\/lakukula.com\/wp-content\/gallery\/paisajes\/thumbs\/thumbs_PUENTEBINIES.jpg\"\n\t\t\t\tdata-image-id=\"70\"\n\t\t\t\tdata-title=\"PUENTEBINIES\"\n\t\t\t\tdata-description=\"Estado del puente sobre el barranco Bini\u00e9s en 2015.\"\n\t\t\t\tdata-image-slug=\"puentebinies\"\n\t\t\t\tclass=\"ngg-fancybox\" rel=\"13326782c44a0ead2f4b24ed4f5603ac\">\n\t\t\t\t<img\n\t\t\t\t\ttitle=\"PUENTEBINIES\"\n\t\t\t\t\talt=\"PUENTEBINIES\"\n\t\t\t\t\tsrc=\"https:\/\/lakukula.com\/wp-content\/gallery\/paisajes\/thumbs\/thumbs_PUENTEBINIES.jpg\"\n\t\t\t\t\twidth=\"120\"\n\t\t\t\t\theight=\"90\"\n\t\t\t\t\tstyle=\"max-width:100%;\"\n\t\t\t\t\/>\n\t\t\t<\/a>\n\t\t<\/div>\n\t\t\t\t\t\t\t<\/div>\n\t\t\t\n\t\t\n\t\t\t\t<div id=\"ngg-image-9\" class=\"ngg-gallery-thumbnail-box\"\n\t\t\t\t\t\t\t\t\t\t\t>\n\t\t\t\t\t\t<div class=\"ngg-gallery-thumbnail\">\n\t\t\t<a href=\"https:\/\/lakukula.com\/wp-content\/gallery\/paisajes\/PUENTE.jpg\"\n\t\t\t\ttitle=\"Vista del puente medieval de Burgui.\"\n\t\t\t\tdata-src=\"https:\/\/lakukula.com\/wp-content\/gallery\/paisajes\/PUENTE.jpg\"\n\t\t\t\tdata-thumbnail=\"https:\/\/lakukula.com\/wp-content\/gallery\/paisajes\/thumbs\/thumbs_PUENTE.jpg\"\n\t\t\t\tdata-image-id=\"69\"\n\t\t\t\tdata-title=\"PUENTE\"\n\t\t\t\tdata-description=\"Vista del puente medieval de Burgui.\"\n\t\t\t\tdata-image-slug=\"puente\"\n\t\t\t\tclass=\"ngg-fancybox\" rel=\"13326782c44a0ead2f4b24ed4f5603ac\">\n\t\t\t\t<img\n\t\t\t\t\ttitle=\"PUENTE\"\n\t\t\t\t\talt=\"PUENTE\"\n\t\t\t\t\tsrc=\"https:\/\/lakukula.com\/wp-content\/gallery\/paisajes\/thumbs\/thumbs_PUENTE.jpg\"\n\t\t\t\t\twidth=\"120\"\n\t\t\t\t\theight=\"90\"\n\t\t\t\t\tstyle=\"max-width:100%;\"\n\t\t\t\t\/>\n\t\t\t<\/a>\n\t\t<\/div>\n\t\t\t\t\t\t\t<\/div>\n\t\t\t\n\t\t\n\t\t\t\t<div id=\"ngg-image-10\" class=\"ngg-gallery-thumbnail-box\"\n\t\t\t\t\t\t\t\t\t\t\t>\n\t\t\t\t\t\t<div class=\"ngg-gallery-thumbnail\">\n\t\t\t<a href=\"https:\/\/lakukula.com\/wp-content\/gallery\/paisajes\/CASA1.jpg\"\n\t\t\t\ttitle=\"Florida fachada de casa Portalat\u00edn en Burgui.\"\n\t\t\t\tdata-src=\"https:\/\/lakukula.com\/wp-content\/gallery\/paisajes\/CASA1.jpg\"\n\t\t\t\tdata-thumbnail=\"https:\/\/lakukula.com\/wp-content\/gallery\/paisajes\/thumbs\/thumbs_CASA1.jpg\"\n\t\t\t\tdata-image-id=\"67\"\n\t\t\t\tdata-title=\"CASA1\"\n\t\t\t\tdata-description=\"Florida fachada de casa Portalat\u00edn en Burgui.\"\n\t\t\t\tdata-image-slug=\"casa1\"\n\t\t\t\tclass=\"ngg-fancybox\" rel=\"13326782c44a0ead2f4b24ed4f5603ac\">\n\t\t\t\t<img\n\t\t\t\t\ttitle=\"CASA1\"\n\t\t\t\t\talt=\"CASA1\"\n\t\t\t\t\tsrc=\"https:\/\/lakukula.com\/wp-content\/gallery\/paisajes\/thumbs\/thumbs_CASA1.jpg\"\n\t\t\t\t\twidth=\"120\"\n\t\t\t\t\theight=\"90\"\n\t\t\t\t\tstyle=\"max-width:100%;\"\n\t\t\t\t\/>\n\t\t\t<\/a>\n\t\t<\/div>\n\t\t\t\t\t\t\t<\/div>\n\t\t\t\n\t\t\n\t\t\t\t<div id=\"ngg-image-11\" class=\"ngg-gallery-thumbnail-box\"\n\t\t\t\t\t\t\t\t\t\t\t>\n\t\t\t\t\t\t<div class=\"ngg-gallery-thumbnail\">\n\t\t\t<a href=\"https:\/\/lakukula.com\/wp-content\/gallery\/paisajes\/PLAZA2.jpg\"\n\t\t\t\ttitle=\"Antigua plaza de Burgui, hoy plaza P. Tom\u00e1s de Burgui.\"\n\t\t\t\tdata-src=\"https:\/\/lakukula.com\/wp-content\/gallery\/paisajes\/PLAZA2.jpg\"\n\t\t\t\tdata-thumbnail=\"https:\/\/lakukula.com\/wp-content\/gallery\/paisajes\/thumbs\/thumbs_PLAZA2.jpg\"\n\t\t\t\tdata-image-id=\"66\"\n\t\t\t\tdata-title=\"PLAZA2\"\n\t\t\t\tdata-description=\"Antigua plaza de Burgui, hoy plaza P. Tom\u00e1s de Burgui.\"\n\t\t\t\tdata-image-slug=\"plaza2\"\n\t\t\t\tclass=\"ngg-fancybox\" rel=\"13326782c44a0ead2f4b24ed4f5603ac\">\n\t\t\t\t<img\n\t\t\t\t\ttitle=\"PLAZA2\"\n\t\t\t\t\talt=\"PLAZA2\"\n\t\t\t\t\tsrc=\"https:\/\/lakukula.com\/wp-content\/gallery\/paisajes\/thumbs\/thumbs_PLAZA2.jpg\"\n\t\t\t\t\twidth=\"120\"\n\t\t\t\t\theight=\"90\"\n\t\t\t\t\tstyle=\"max-width:100%;\"\n\t\t\t\t\/>\n\t\t\t<\/a>\n\t\t<\/div>\n\t\t\t\t\t\t\t<\/div>\n\t\t\t\n\t\t\n\t\t\t\t<div id=\"ngg-image-12\" class=\"ngg-gallery-thumbnail-box\"\n\t\t\t\t\t\t\t\t\t\t\t>\n\t\t\t\t\t\t<div class=\"ngg-gallery-thumbnail\">\n\t\t\t<a href=\"https:\/\/lakukula.com\/wp-content\/gallery\/paisajes\/NIEVE.jpg\"\n\t\t\t\ttitle=\"Estampa nevada de Burgui. Febrero 2015.\"\n\t\t\t\tdata-src=\"https:\/\/lakukula.com\/wp-content\/gallery\/paisajes\/NIEVE.jpg\"\n\t\t\t\tdata-thumbnail=\"https:\/\/lakukula.com\/wp-content\/gallery\/paisajes\/thumbs\/thumbs_NIEVE.jpg\"\n\t\t\t\tdata-image-id=\"65\"\n\t\t\t\tdata-title=\"NIEVE\"\n\t\t\t\tdata-description=\"Estampa nevada de Burgui. Febrero 2015.\"\n\t\t\t\tdata-image-slug=\"nieve\"\n\t\t\t\tclass=\"ngg-fancybox\" rel=\"13326782c44a0ead2f4b24ed4f5603ac\">\n\t\t\t\t<img\n\t\t\t\t\ttitle=\"NIEVE\"\n\t\t\t\t\talt=\"NIEVE\"\n\t\t\t\t\tsrc=\"https:\/\/lakukula.com\/wp-content\/gallery\/paisajes\/thumbs\/thumbs_NIEVE.jpg\"\n\t\t\t\t\twidth=\"120\"\n\t\t\t\t\theight=\"90\"\n\t\t\t\t\tstyle=\"max-width:100%;\"\n\t\t\t\t\/>\n\t\t\t<\/a>\n\t\t<\/div>\n\t\t\t\t\t\t\t<\/div>\n\t\t\t\n\t\t\n\t\t\t\t<div id=\"ngg-image-13\" class=\"ngg-gallery-thumbnail-box\"\n\t\t\t\t\t\t\t\t\t\t\t>\n\t\t\t\t\t\t<div class=\"ngg-gallery-thumbnail\">\n\t\t\t<a href=\"https:\/\/lakukula.com\/wp-content\/gallery\/paisajes\/plaza1.jpg\"\n\t\t\t\ttitle=\"Antigua Cooperativa de Consumo de Burgui.\"\n\t\t\t\tdata-src=\"https:\/\/lakukula.com\/wp-content\/gallery\/paisajes\/plaza1.jpg\"\n\t\t\t\tdata-thumbnail=\"https:\/\/lakukula.com\/wp-content\/gallery\/paisajes\/thumbs\/thumbs_plaza1.jpg\"\n\t\t\t\tdata-image-id=\"63\"\n\t\t\t\tdata-title=\"plaza1\"\n\t\t\t\tdata-description=\"Antigua Cooperativa de Consumo de Burgui.\"\n\t\t\t\tdata-image-slug=\"plaza1\"\n\t\t\t\tclass=\"ngg-fancybox\" rel=\"13326782c44a0ead2f4b24ed4f5603ac\">\n\t\t\t\t<img\n\t\t\t\t\ttitle=\"plaza1\"\n\t\t\t\t\talt=\"plaza1\"\n\t\t\t\t\tsrc=\"https:\/\/lakukula.com\/wp-content\/gallery\/paisajes\/thumbs\/thumbs_plaza1.jpg\"\n\t\t\t\t\twidth=\"120\"\n\t\t\t\t\theight=\"90\"\n\t\t\t\t\tstyle=\"max-width:100%;\"\n\t\t\t\t\/>\n\t\t\t<\/a>\n\t\t<\/div>\n\t\t\t\t\t\t\t<\/div>\n\t\t\t\n\t\t\n\t\t\t\t<div id=\"ngg-image-14\" class=\"ngg-gallery-thumbnail-box\"\n\t\t\t\t\t\t\t\t\t\t\t>\n\t\t\t\t\t\t<div class=\"ngg-gallery-thumbnail\">\n\t\t\t<a href=\"https:\/\/lakukula.com\/wp-content\/gallery\/paisajes\/Vista2.jpg\"\n\t\t\t\ttitle=\"Vista de Burgui desde Alandari. Fotograf\u00eda de Mois\u00e9s Valencia.\"\n\t\t\t\tdata-src=\"https:\/\/lakukula.com\/wp-content\/gallery\/paisajes\/Vista2.jpg\"\n\t\t\t\tdata-thumbnail=\"https:\/\/lakukula.com\/wp-content\/gallery\/paisajes\/thumbs\/thumbs_Vista2.jpg\"\n\t\t\t\tdata-image-id=\"62\"\n\t\t\t\tdata-title=\"Vista2\"\n\t\t\t\tdata-description=\"Vista de Burgui desde Alandari. Fotograf\u00eda de Mois\u00e9s Valencia.\"\n\t\t\t\tdata-image-slug=\"vista2\"\n\t\t\t\tclass=\"ngg-fancybox\" rel=\"13326782c44a0ead2f4b24ed4f5603ac\">\n\t\t\t\t<img\n\t\t\t\t\ttitle=\"Vista2\"\n\t\t\t\t\talt=\"Vista2\"\n\t\t\t\t\tsrc=\"https:\/\/lakukula.com\/wp-content\/gallery\/paisajes\/thumbs\/thumbs_Vista2.jpg\"\n\t\t\t\t\twidth=\"120\"\n\t\t\t\t\theight=\"90\"\n\t\t\t\t\tstyle=\"max-width:100%;\"\n\t\t\t\t\/>\n\t\t\t<\/a>\n\t\t<\/div>\n\t\t\t\t\t\t\t<\/div>\n\t\t\t\n\t\t\n\t\t\t\t<div id=\"ngg-image-15\" class=\"ngg-gallery-thumbnail-box\"\n\t\t\t\t\t\t\t\t\t\t\t>\n\t\t\t\t\t\t<div class=\"ngg-gallery-thumbnail\">\n\t\t\t<a href=\"https:\/\/lakukula.com\/wp-content\/gallery\/paisajes\/Vista1.jpg\"\n\t\t\t\ttitle=\"Vista de Burgui desde la fuente del Txabalko.\"\n\t\t\t\tdata-src=\"https:\/\/lakukula.com\/wp-content\/gallery\/paisajes\/Vista1.jpg\"\n\t\t\t\tdata-thumbnail=\"https:\/\/lakukula.com\/wp-content\/gallery\/paisajes\/thumbs\/thumbs_Vista1.jpg\"\n\t\t\t\tdata-image-id=\"61\"\n\t\t\t\tdata-title=\"Vista1\"\n\t\t\t\tdata-description=\"Vista de Burgui desde la fuente del Txabalko.\"\n\t\t\t\tdata-image-slug=\"vista1\"\n\t\t\t\tclass=\"ngg-fancybox\" rel=\"13326782c44a0ead2f4b24ed4f5603ac\">\n\t\t\t\t<img\n\t\t\t\t\ttitle=\"Vista1\"\n\t\t\t\t\talt=\"Vista1\"\n\t\t\t\t\tsrc=\"https:\/\/lakukula.com\/wp-content\/gallery\/paisajes\/thumbs\/thumbs_Vista1.jpg\"\n\t\t\t\t\twidth=\"120\"\n\t\t\t\t\theight=\"90\"\n\t\t\t\t\tstyle=\"max-width:100%;\"\n\t\t\t\t\/>\n\t\t\t<\/a>\n\t\t<\/div>\n\t\t\t\t\t\t\t<\/div>\n\t\t\t\n\t\t\n\t\t\t\t<div id=\"ngg-image-16\" class=\"ngg-gallery-thumbnail-box\"\n\t\t\t\t\t\t\t\t\t\t\t>\n\t\t\t\t\t\t<div class=\"ngg-gallery-thumbnail\">\n\t\t\t<a href=\"https:\/\/lakukula.com\/wp-content\/gallery\/paisajes\/Foto-antigua-Burgui.png\"\n\t\t\t\ttitle=\"Casco urbano de Burgui. Vista general.\"\n\t\t\t\tdata-src=\"https:\/\/lakukula.com\/wp-content\/gallery\/paisajes\/Foto-antigua-Burgui.png\"\n\t\t\t\tdata-thumbnail=\"https:\/\/lakukula.com\/wp-content\/gallery\/paisajes\/thumbs\/thumbs_Foto-antigua-Burgui.png\"\n\t\t\t\tdata-image-id=\"26\"\n\t\t\t\tdata-title=\"Foto antigua Burgui.png\"\n\t\t\t\tdata-description=\"Casco urbano de Burgui. Vista general.\"\n\t\t\t\tdata-image-slug=\"foto-antigua-burgui-png\"\n\t\t\t\tclass=\"ngg-fancybox\" rel=\"13326782c44a0ead2f4b24ed4f5603ac\">\n\t\t\t\t<img\n\t\t\t\t\ttitle=\"Foto antigua Burgui.png\"\n\t\t\t\t\talt=\"Foto antigua Burgui.png\"\n\t\t\t\t\tsrc=\"https:\/\/lakukula.com\/wp-content\/gallery\/paisajes\/thumbs\/thumbs_Foto-antigua-Burgui.png\"\n\t\t\t\t\twidth=\"120\"\n\t\t\t\t\theight=\"90\"\n\t\t\t\t\tstyle=\"max-width:100%;\"\n\t\t\t\t\/>\n\t\t\t<\/a>\n\t\t<\/div>\n\t\t\t\t\t\t\t<\/div>\n\t\t\t\n\t\t\n\t\t\n\t\t<!-- Pagination -->\n\t\t<div class='ngg-clear'><\/div>\t<\/div>\n\n","protected":false},"excerpt":{"rendered":"<p>Esta es la galer\u00eda de fotograf\u00edas sobre paisajes, vistas, estampas, calles y casas de nuestro pueblo. [Mostrar im\u00e1genes en presentaci\u00f3n de diapositivas]<\/p>\n","protected":false},"author":1,"featured_media":0,"parent":0,"menu_order":0,"comment_status":"open","ping_status":"open","template":"","meta":{"ngg_post_thumbnail":0,"footnotes":""},"class_list":["post-116","page","type-page","status-publish","hentry"],"yoast_head":"<!-- This site is optimized with the Yoast SEO plugin v26.6 - https:\/\/yoast.com\/wordpress\/plugins\/seo\/ -->\n<title>PAISAJES - La Kukula<\/title>\n<meta name=\"robots\" content=\"index, follow, max-snippet:-1, max-image-preview:large, max-video-preview:-1\" \/>\n<link rel=\"canonical\" href=\"https:\/\/lakukula.com\/index.php\/paisajes\/\" \/>\n<meta property=\"og:locale\" content=\"es_ES\" \/>\n<meta property=\"og:type\" content=\"article\" \/>\n<meta property=\"og:title\" content=\"PAISAJES - La Kukula\" \/>\n<meta property=\"og:description\" content=\"Esta es la galer\u00eda de fotograf\u00edas sobre paisajes, vistas, estampas, calles y casas de nuestro pueblo. [Mostrar im\u00e1genes en presentaci\u00f3n de diapositivas]\" \/>\n<meta property=\"og:url\" content=\"https:\/\/lakukula.com\/index.php\/paisajes\/\" \/>\n<meta property=\"og:site_name\" content=\"La Kukula\" \/>\n<meta property=\"article:modified_time\" content=\"2015-05-19T08:45:13+00:00\" \/>\n<meta property=\"og:image\" content=\"http:\/\/lakukula.com\/index.php\/nextgen-attach_to_post\/preview\/id--161\" \/>\n<meta name=\"twitter:card\" content=\"summary_large_image\" \/>\n<script type=\"application\/ld+json\" class=\"yoast-schema-graph\">{\"@context\":\"https:\/\/schema.org\",\"@graph\":[{\"@type\":\"WebPage\",\"@id\":\"https:\/\/lakukula.com\/index.php\/paisajes\/\",\"url\":\"https:\/\/lakukula.com\/index.php\/paisajes\/\",\"name\":\"PAISAJES - La Kukula\",\"isPartOf\":{\"@id\":\"https:\/\/lakukula.com\/#website\"},\"primaryImageOfPage\":{\"@id\":\"https:\/\/lakukula.com\/index.php\/paisajes\/#primaryimage\"},\"image\":{\"@id\":\"https:\/\/lakukula.com\/index.php\/paisajes\/#primaryimage\"},\"thumbnailUrl\":\"http:\/\/lakukula.com\/index.php\/nextgen-attach_to_post\/preview\/id--161\",\"datePublished\":\"2015-05-13T10:29:55+00:00\",\"dateModified\":\"2015-05-19T08:45:13+00:00\",\"breadcrumb\":{\"@id\":\"https:\/\/lakukula.com\/index.php\/paisajes\/#breadcrumb\"},\"inLanguage\":\"es\",\"potentialAction\":[{\"@type\":\"ReadAction\",\"target\":[\"https:\/\/lakukula.com\/index.php\/paisajes\/\"]}]},{\"@type\":\"ImageObject\",\"inLanguage\":\"es\",\"@id\":\"https:\/\/lakukula.com\/index.php\/paisajes\/#primaryimage\",\"url\":\"http:\/\/lakukula.com\/index.php\/nextgen-attach_to_post\/preview\/id--161\",\"contentUrl\":\"http:\/\/lakukula.com\/index.php\/nextgen-attach_to_post\/preview\/id--161\"},{\"@type\":\"BreadcrumbList\",\"@id\":\"https:\/\/lakukula.com\/index.php\/paisajes\/#breadcrumb\",\"itemListElement\":[{\"@type\":\"ListItem\",\"position\":1,\"name\":\"Portada\",\"item\":\"https:\/\/lakukula.com\/\"},{\"@type\":\"ListItem\",\"position\":2,\"name\":\"PAISAJES\"}]},{\"@type\":\"WebSite\",\"@id\":\"https:\/\/lakukula.com\/#website\",\"url\":\"https:\/\/lakukula.com\/\",\"name\":\"La Kukula\",\"description\":\"Colectivo para la Difusi\u00f3n Hist\u00f3rica y Cultural de la Villa de Burgui (Navarra)\",\"potentialAction\":[{\"@type\":\"SearchAction\",\"target\":{\"@type\":\"EntryPoint\",\"urlTemplate\":\"https:\/\/lakukula.com\/?s={search_term_string}\"},\"query-input\":{\"@type\":\"PropertyValueSpecification\",\"valueRequired\":true,\"valueName\":\"search_term_string\"}}],\"inLanguage\":\"es\"}]}<\/script>\n<!-- \/ Yoast SEO plugin. -->","yoast_head_json":{"title":"PAISAJES - La Kukula","robots":{"index":"index","follow":"follow","max-snippet":"max-snippet:-1","max-image-preview":"max-image-preview:large","max-video-preview":"max-video-preview:-1"},"canonical":"https:\/\/lakukula.com\/index.php\/paisajes\/","og_locale":"es_ES","og_type":"article","og_title":"PAISAJES - La Kukula","og_description":"Esta es la galer\u00eda de fotograf\u00edas sobre paisajes, vistas, estampas, calles y casas de nuestro pueblo. [Mostrar im\u00e1genes en presentaci\u00f3n de diapositivas]","og_url":"https:\/\/lakukula.com\/index.php\/paisajes\/","og_site_name":"La Kukula","article_modified_time":"2015-05-19T08:45:13+00:00","og_image":[{"url":"http:\/\/lakukula.com\/index.php\/nextgen-attach_to_post\/preview\/id--161","type":"","width":"","height":""}],"twitter_card":"summary_large_image","schema":{"@context":"https:\/\/schema.org","@graph":[{"@type":"WebPage","@id":"https:\/\/lakukula.com\/index.php\/paisajes\/","url":"https:\/\/lakukula.com\/index.php\/paisajes\/","name":"PAISAJES - La Kukula","isPartOf":{"@id":"https:\/\/lakukula.com\/#website"},"primaryImageOfPage":{"@id":"https:\/\/lakukula.com\/index.php\/paisajes\/#primaryimage"},"image":{"@id":"https:\/\/lakukula.com\/index.php\/paisajes\/#primaryimage"},"thumbnailUrl":"http:\/\/lakukula.com\/index.php\/nextgen-attach_to_post\/preview\/id--161","datePublished":"2015-05-13T10:29:55+00:00","dateModified":"2015-05-19T08:45:13+00:00","breadcrumb":{"@id":"https:\/\/lakukula.com\/index.php\/paisajes\/#breadcrumb"},"inLanguage":"es","potentialAction":[{"@type":"ReadAction","target":["https:\/\/lakukula.com\/index.php\/paisajes\/"]}]},{"@type":"ImageObject","inLanguage":"es","@id":"https:\/\/lakukula.com\/index.php\/paisajes\/#primaryimage","url":"http:\/\/lakukula.com\/index.php\/nextgen-attach_to_post\/preview\/id--161","contentUrl":"http:\/\/lakukula.com\/index.php\/nextgen-attach_to_post\/preview\/id--161"},{"@type":"BreadcrumbList","@id":"https:\/\/lakukula.com\/index.php\/paisajes\/#breadcrumb","itemListElement":[{"@type":"ListItem","position":1,"name":"Portada","item":"https:\/\/lakukula.com\/"},{"@type":"ListItem","position":2,"name":"PAISAJES"}]},{"@type":"WebSite","@id":"https:\/\/lakukula.com\/#website","url":"https:\/\/lakukula.com\/","name":"La Kukula","description":"Colectivo para la Difusi\u00f3n Hist\u00f3rica y Cultural de la Villa de Burgui (Navarra)","potentialAction":[{"@type":"SearchAction","target":{"@type":"EntryPoint","urlTemplate":"https:\/\/lakukula.com\/?s={search_term_string}"},"query-input":{"@type":"PropertyValueSpecification","valueRequired":true,"valueName":"search_term_string"}}],"inLanguage":"es"}]}},"_links":{"self":[{"href":"https:\/\/lakukula.com\/index.php\/wp-json\/wp\/v2\/pages\/116","targetHints":{"allow":["GET"]}}],"collection":[{"href":"https:\/\/lakukula.com\/index.php\/wp-json\/wp\/v2\/pages"}],"about":[{"href":"https:\/\/lakukula.com\/index.php\/wp-json\/wp\/v2\/types\/page"}],"author":[{"embeddable":true,"href":"https:\/\/lakukula.com\/index.php\/wp-json\/wp\/v2\/users\/1"}],"replies":[{"embeddable":true,"href":"https:\/\/lakukula.com\/index.php\/wp-json\/wp\/v2\/comments?post=116"}],"version-history":[{"count":5,"href":"https:\/\/lakukula.com\/index.php\/wp-json\/wp\/v2\/pages\/116\/revisions"}],"predecessor-version":[{"id":539,"href":"https:\/\/lakukula.com\/index.php\/wp-json\/wp\/v2\/pages\/116\/revisions\/539"}],"wp:attachment":[{"href":"https:\/\/lakukula.com\/index.php\/wp-json\/wp\/v2\/media?parent=116"}],"curies":[{"name":"wp","href":"https:\/\/api.w.org\/{rel}","templated":true}]}}