




{"id":123,"date":"2015-05-13T10:34:02","date_gmt":"2015-05-13T10:34:02","guid":{"rendered":"http:\/\/lakukula.com\/?page_id=123"},"modified":"2015-05-18T22:51:46","modified_gmt":"2015-05-18T22:51:46","slug":"eventos","status":"publish","type":"page","link":"https:\/\/lakukula.com\/index.php\/eventos\/","title":{"rendered":"FIESTAS"},"content":{"rendered":"<p>En esta galer\u00eda incluimos una serie de\u00a0fotos sobre fiestas,\u00a0romer\u00edas, procesiones&#8230;<\/p>\n<!-- index.php -->\n<div\n\tclass=\"ngg-galleryoverview\n\t ngg-ajax-pagination-none\t\"\n\tid=\"ngg-gallery-684f8f9e330d7d9e2080eef89643d495-1\">\n\n\t\t<div class=\"slideshowlink\">\n\t\t<a href='https:\/\/lakukula.com\/index.php\/eventos\/nggallery\/slideshow'>[Mostrar im\u00e1genes en presentaci\u00f3n de diapositivas]<\/a>\n\n\t<\/div>\n\t\t\t<!-- Thumbnails -->\n\t\t\t\t<div id=\"ngg-image-0\" class=\"ngg-gallery-thumbnail-box\"\n\t\t\t\t\t\t\t\t\t\t\t>\n\t\t\t\t\t\t<div class=\"ngg-gallery-thumbnail\">\n\t\t\t<a href=\"https:\/\/lakukula.com\/wp-content\/gallery\/eventos\/procesi%C3%B3n1.jpg\"\n\t\t\t\ttitle=\"Procesi\u00f3n en Burgui, fiestas patronales de San Pedro\"\n\t\t\t\tdata-src=\"https:\/\/lakukula.com\/wp-content\/gallery\/eventos\/procesi%C3%B3n1.jpg\"\n\t\t\t\tdata-thumbnail=\"https:\/\/lakukula.com\/wp-content\/gallery\/eventos\/thumbs\/thumbs_procesi%C3%B3n1.jpg\"\n\t\t\t\tdata-image-id=\"134\"\n\t\t\t\tdata-title=\"Procesi\u00f3n fiestas\"\n\t\t\t\tdata-description=\"Procesi\u00f3n en Burgui, fiestas patronales de San Pedro\"\n\t\t\t\tdata-image-slug=\"procesi%c3%b3n1-1\"\n\t\t\t\tclass=\"ngg-fancybox\" rel=\"684f8f9e330d7d9e2080eef89643d495\">\n\t\t\t\t<img\n\t\t\t\t\ttitle=\"Procesi\u00f3n fiestas\"\n\t\t\t\t\talt=\"Procesi\u00f3n fiestas\"\n\t\t\t\t\tsrc=\"https:\/\/lakukula.com\/wp-content\/gallery\/eventos\/thumbs\/thumbs_procesi%C3%B3n1.jpg\"\n\t\t\t\t\twidth=\"120\"\n\t\t\t\t\theight=\"90\"\n\t\t\t\t\tstyle=\"max-width:100%;\"\n\t\t\t\t\/>\n\t\t\t<\/a>\n\t\t<\/div>\n\t\t\t\t\t\t\t<\/div>\n\t\t\t\n\t\t\n\t\t\t\t<div id=\"ngg-image-1\" class=\"ngg-gallery-thumbnail-box\"\n\t\t\t\t\t\t\t\t\t\t\t>\n\t\t\t\t\t\t<div class=\"ngg-gallery-thumbnail\">\n\t\t\t<a href=\"https:\/\/lakukula.com\/wp-content\/gallery\/eventos\/Obispo-001-LKK.JPG\"\n\t\t\t\ttitle=\"D\u00eda del Obispo en Burgui. Obispo, Guillermo Glar\u00eda. Can\u00f3nigos, Iban Petrox y Alain Salvador\"\n\t\t\t\tdata-src=\"https:\/\/lakukula.com\/wp-content\/gallery\/eventos\/Obispo-001-LKK.JPG\"\n\t\t\t\tdata-thumbnail=\"https:\/\/lakukula.com\/wp-content\/gallery\/eventos\/thumbs\/thumbs_Obispo-001-LKK.JPG\"\n\t\t\t\tdata-image-id=\"160\"\n\t\t\t\tdata-title=\"Obispo 001 LKK\"\n\t\t\t\tdata-description=\"D\u00eda del Obispo en Burgui. Obispo, Guillermo Glar\u00eda. Can\u00f3nigos, Iban Petrox y Alain Salvador\"\n\t\t\t\tdata-image-slug=\"obispo-001-lkk\"\n\t\t\t\tclass=\"ngg-fancybox\" rel=\"684f8f9e330d7d9e2080eef89643d495\">\n\t\t\t\t<img\n\t\t\t\t\ttitle=\"Obispo 001 LKK\"\n\t\t\t\t\talt=\"Obispo 001 LKK\"\n\t\t\t\t\tsrc=\"https:\/\/lakukula.com\/wp-content\/gallery\/eventos\/thumbs\/thumbs_Obispo-001-LKK.JPG\"\n\t\t\t\t\twidth=\"120\"\n\t\t\t\t\theight=\"90\"\n\t\t\t\t\tstyle=\"max-width:100%;\"\n\t\t\t\t\/>\n\t\t\t<\/a>\n\t\t<\/div>\n\t\t\t\t\t\t\t<\/div>\n\t\t\t\n\t\t\n\t\t\t\t<div id=\"ngg-image-2\" class=\"ngg-gallery-thumbnail-box\"\n\t\t\t\t\t\t\t\t\t\t\t>\n\t\t\t\t\t\t<div class=\"ngg-gallery-thumbnail\">\n\t\t\t<a href=\"https:\/\/lakukula.com\/wp-content\/gallery\/eventos\/iglesia.JPG\"\n\t\t\t\ttitle=\"Procesi\u00f3n en fiestas patronales de Burgui\"\n\t\t\t\tdata-src=\"https:\/\/lakukula.com\/wp-content\/gallery\/eventos\/iglesia.JPG\"\n\t\t\t\tdata-thumbnail=\"https:\/\/lakukula.com\/wp-content\/gallery\/eventos\/thumbs\/thumbs_iglesia.JPG\"\n\t\t\t\tdata-image-id=\"149\"\n\t\t\t\tdata-title=\"iglesia\"\n\t\t\t\tdata-description=\"Procesi\u00f3n en fiestas patronales de Burgui\"\n\t\t\t\tdata-image-slug=\"iglesia\"\n\t\t\t\tclass=\"ngg-fancybox\" rel=\"684f8f9e330d7d9e2080eef89643d495\">\n\t\t\t\t<img\n\t\t\t\t\ttitle=\"iglesia\"\n\t\t\t\t\talt=\"iglesia\"\n\t\t\t\t\tsrc=\"https:\/\/lakukula.com\/wp-content\/gallery\/eventos\/thumbs\/thumbs_iglesia.JPG\"\n\t\t\t\t\twidth=\"120\"\n\t\t\t\t\theight=\"90\"\n\t\t\t\t\tstyle=\"max-width:100%;\"\n\t\t\t\t\/>\n\t\t\t<\/a>\n\t\t<\/div>\n\t\t\t\t\t\t\t<\/div>\n\t\t\t\n\t\t\n\t\t\t\t<div id=\"ngg-image-3\" class=\"ngg-gallery-thumbnail-box\"\n\t\t\t\t\t\t\t\t\t\t\t>\n\t\t\t\t\t\t<div class=\"ngg-gallery-thumbnail\">\n\t\t\t<a href=\"https:\/\/lakukula.com\/wp-content\/gallery\/eventos\/obispo4.JPG\"\n\t\t\t\ttitle=\"D\u00eda del Obispo. 06\/12\/2015\"\n\t\t\t\tdata-src=\"https:\/\/lakukula.com\/wp-content\/gallery\/eventos\/obispo4.JPG\"\n\t\t\t\tdata-thumbnail=\"https:\/\/lakukula.com\/wp-content\/gallery\/eventos\/thumbs\/thumbs_obispo4.JPG\"\n\t\t\t\tdata-image-id=\"147\"\n\t\t\t\tdata-title=\"obispo4\"\n\t\t\t\tdata-description=\"D\u00eda del Obispo. 06\/12\/2015\"\n\t\t\t\tdata-image-slug=\"obispo4\"\n\t\t\t\tclass=\"ngg-fancybox\" rel=\"684f8f9e330d7d9e2080eef89643d495\">\n\t\t\t\t<img\n\t\t\t\t\ttitle=\"obispo4\"\n\t\t\t\t\talt=\"obispo4\"\n\t\t\t\t\tsrc=\"https:\/\/lakukula.com\/wp-content\/gallery\/eventos\/thumbs\/thumbs_obispo4.JPG\"\n\t\t\t\t\twidth=\"120\"\n\t\t\t\t\theight=\"90\"\n\t\t\t\t\tstyle=\"max-width:100%;\"\n\t\t\t\t\/>\n\t\t\t<\/a>\n\t\t<\/div>\n\t\t\t\t\t\t\t<\/div>\n\t\t\t\n\t\t\n\t\t\t\t<div id=\"ngg-image-4\" class=\"ngg-gallery-thumbnail-box\"\n\t\t\t\t\t\t\t\t\t\t\t>\n\t\t\t\t\t\t<div class=\"ngg-gallery-thumbnail\">\n\t\t\t<a href=\"https:\/\/lakukula.com\/wp-content\/gallery\/eventos\/obispo3.JPG\"\n\t\t\t\ttitle=\"D\u00eda del Obispo. 06\/12\/2015\"\n\t\t\t\tdata-src=\"https:\/\/lakukula.com\/wp-content\/gallery\/eventos\/obispo3.JPG\"\n\t\t\t\tdata-thumbnail=\"https:\/\/lakukula.com\/wp-content\/gallery\/eventos\/thumbs\/thumbs_obispo3.JPG\"\n\t\t\t\tdata-image-id=\"146\"\n\t\t\t\tdata-title=\"obispo3\"\n\t\t\t\tdata-description=\"D\u00eda del Obispo. 06\/12\/2015\"\n\t\t\t\tdata-image-slug=\"obispo3\"\n\t\t\t\tclass=\"ngg-fancybox\" rel=\"684f8f9e330d7d9e2080eef89643d495\">\n\t\t\t\t<img\n\t\t\t\t\ttitle=\"obispo3\"\n\t\t\t\t\talt=\"obispo3\"\n\t\t\t\t\tsrc=\"https:\/\/lakukula.com\/wp-content\/gallery\/eventos\/thumbs\/thumbs_obispo3.JPG\"\n\t\t\t\t\twidth=\"120\"\n\t\t\t\t\theight=\"90\"\n\t\t\t\t\tstyle=\"max-width:100%;\"\n\t\t\t\t\/>\n\t\t\t<\/a>\n\t\t<\/div>\n\t\t\t\t\t\t\t<\/div>\n\t\t\t\n\t\t\n\t\t\t\t<div id=\"ngg-image-5\" class=\"ngg-gallery-thumbnail-box\"\n\t\t\t\t\t\t\t\t\t\t\t>\n\t\t\t\t\t\t<div class=\"ngg-gallery-thumbnail\">\n\t\t\t<a href=\"https:\/\/lakukula.com\/wp-content\/gallery\/eventos\/obispo1.jpg\"\n\t\t\t\ttitle=\"D\u00eda del Obispo. 06\/12\/2015\"\n\t\t\t\tdata-src=\"https:\/\/lakukula.com\/wp-content\/gallery\/eventos\/obispo1.jpg\"\n\t\t\t\tdata-thumbnail=\"https:\/\/lakukula.com\/wp-content\/gallery\/eventos\/thumbs\/thumbs_obispo1.jpg\"\n\t\t\t\tdata-image-id=\"144\"\n\t\t\t\tdata-title=\"obispo1\"\n\t\t\t\tdata-description=\"D\u00eda del Obispo. 06\/12\/2015\"\n\t\t\t\tdata-image-slug=\"obispo1\"\n\t\t\t\tclass=\"ngg-fancybox\" rel=\"684f8f9e330d7d9e2080eef89643d495\">\n\t\t\t\t<img\n\t\t\t\t\ttitle=\"obispo1\"\n\t\t\t\t\talt=\"obispo1\"\n\t\t\t\t\tsrc=\"https:\/\/lakukula.com\/wp-content\/gallery\/eventos\/thumbs\/thumbs_obispo1.jpg\"\n\t\t\t\t\twidth=\"120\"\n\t\t\t\t\theight=\"90\"\n\t\t\t\t\tstyle=\"max-width:100%;\"\n\t\t\t\t\/>\n\t\t\t<\/a>\n\t\t<\/div>\n\t\t\t\t\t\t\t<\/div>\n\t\t\t\n\t\t\n\t\t\t\t<div id=\"ngg-image-6\" class=\"ngg-gallery-thumbnail-box\"\n\t\t\t\t\t\t\t\t\t\t\t>\n\t\t\t\t\t\t<div class=\"ngg-gallery-thumbnail\">\n\t\t\t<a href=\"https:\/\/lakukula.com\/wp-content\/gallery\/eventos\/obispo.JPG\"\n\t\t\t\ttitle=\"D\u00eda del Obispo. 06\/12\/2015\"\n\t\t\t\tdata-src=\"https:\/\/lakukula.com\/wp-content\/gallery\/eventos\/obispo.JPG\"\n\t\t\t\tdata-thumbnail=\"https:\/\/lakukula.com\/wp-content\/gallery\/eventos\/thumbs\/thumbs_obispo.JPG\"\n\t\t\t\tdata-image-id=\"143\"\n\t\t\t\tdata-title=\"obispo\"\n\t\t\t\tdata-description=\"D\u00eda del Obispo. 06\/12\/2015\"\n\t\t\t\tdata-image-slug=\"obispo\"\n\t\t\t\tclass=\"ngg-fancybox\" rel=\"684f8f9e330d7d9e2080eef89643d495\">\n\t\t\t\t<img\n\t\t\t\t\ttitle=\"obispo\"\n\t\t\t\t\talt=\"obispo\"\n\t\t\t\t\tsrc=\"https:\/\/lakukula.com\/wp-content\/gallery\/eventos\/thumbs\/thumbs_obispo.JPG\"\n\t\t\t\t\twidth=\"120\"\n\t\t\t\t\theight=\"90\"\n\t\t\t\t\tstyle=\"max-width:100%;\"\n\t\t\t\t\/>\n\t\t\t<\/a>\n\t\t<\/div>\n\t\t\t\t\t\t\t<\/div>\n\t\t\t\n\t\t\n\t\t\t\t<div id=\"ngg-image-7\" class=\"ngg-gallery-thumbnail-box\"\n\t\t\t\t\t\t\t\t\t\t\t>\n\t\t\t\t\t\t<div class=\"ngg-gallery-thumbnail\">\n\t\t\t<a href=\"https:\/\/lakukula.com\/wp-content\/gallery\/eventos\/fiestas2.jpg\"\n\t\t\t\ttitle=\"Procesi\u00f3n del Sagrado Coraz\u00f3n de Jes\u00fas en las fiestas patronales de Burgui en honor a San Pedro\"\n\t\t\t\tdata-src=\"https:\/\/lakukula.com\/wp-content\/gallery\/eventos\/fiestas2.jpg\"\n\t\t\t\tdata-thumbnail=\"https:\/\/lakukula.com\/wp-content\/gallery\/eventos\/thumbs\/thumbs_fiestas2.jpg\"\n\t\t\t\tdata-image-id=\"140\"\n\t\t\t\tdata-title=\"Fiestas\"\n\t\t\t\tdata-description=\"Procesi\u00f3n del Sagrado Coraz\u00f3n de Jes\u00fas en las fiestas patronales de Burgui en honor a San Pedro\"\n\t\t\t\tdata-image-slug=\"fiestas2\"\n\t\t\t\tclass=\"ngg-fancybox\" rel=\"684f8f9e330d7d9e2080eef89643d495\">\n\t\t\t\t<img\n\t\t\t\t\ttitle=\"Fiestas\"\n\t\t\t\t\talt=\"Fiestas\"\n\t\t\t\t\tsrc=\"https:\/\/lakukula.com\/wp-content\/gallery\/eventos\/thumbs\/thumbs_fiestas2.jpg\"\n\t\t\t\t\twidth=\"120\"\n\t\t\t\t\theight=\"90\"\n\t\t\t\t\tstyle=\"max-width:100%;\"\n\t\t\t\t\/>\n\t\t\t<\/a>\n\t\t<\/div>\n\t\t\t\t\t\t\t<\/div>\n\t\t\t\n\t\t\n\t\t\t\t<div id=\"ngg-image-8\" class=\"ngg-gallery-thumbnail-box\"\n\t\t\t\t\t\t\t\t\t\t\t>\n\t\t\t\t\t\t<div class=\"ngg-gallery-thumbnail\">\n\t\t\t<a href=\"https:\/\/lakukula.com\/wp-content\/gallery\/eventos\/fiestas1.jpg\"\n\t\t\t\ttitle=\"Procesi\u00f3n del Sagrado Coraz\u00f3n de Jes\u00fas en las fiestas patronales de Burgui en honor a San Pedro\"\n\t\t\t\tdata-src=\"https:\/\/lakukula.com\/wp-content\/gallery\/eventos\/fiestas1.jpg\"\n\t\t\t\tdata-thumbnail=\"https:\/\/lakukula.com\/wp-content\/gallery\/eventos\/thumbs\/thumbs_fiestas1.jpg\"\n\t\t\t\tdata-image-id=\"139\"\n\t\t\t\tdata-title=\"Fiestas\"\n\t\t\t\tdata-description=\"Procesi\u00f3n del Sagrado Coraz\u00f3n de Jes\u00fas en las fiestas patronales de Burgui en honor a San Pedro\"\n\t\t\t\tdata-image-slug=\"fiestas1\"\n\t\t\t\tclass=\"ngg-fancybox\" rel=\"684f8f9e330d7d9e2080eef89643d495\">\n\t\t\t\t<img\n\t\t\t\t\ttitle=\"Fiestas\"\n\t\t\t\t\talt=\"Fiestas\"\n\t\t\t\t\tsrc=\"https:\/\/lakukula.com\/wp-content\/gallery\/eventos\/thumbs\/thumbs_fiestas1.jpg\"\n\t\t\t\t\twidth=\"120\"\n\t\t\t\t\theight=\"90\"\n\t\t\t\t\tstyle=\"max-width:100%;\"\n\t\t\t\t\/>\n\t\t\t<\/a>\n\t\t<\/div>\n\t\t\t\t\t\t\t<\/div>\n\t\t\t\n\t\t\n\t\t\t\t<div id=\"ngg-image-9\" class=\"ngg-gallery-thumbnail-box\"\n\t\t\t\t\t\t\t\t\t\t\t>\n\t\t\t\t\t\t<div class=\"ngg-gallery-thumbnail\">\n\t\t\t<a href=\"https:\/\/lakukula.com\/wp-content\/gallery\/eventos\/almadia_fac658d2.jpg\"\n\t\t\t\ttitle=\"D\u00eda de la Almad\u00eda, salto de la presa de Burgui.\"\n\t\t\t\tdata-src=\"https:\/\/lakukula.com\/wp-content\/gallery\/eventos\/almadia_fac658d2.jpg\"\n\t\t\t\tdata-thumbnail=\"https:\/\/lakukula.com\/wp-content\/gallery\/eventos\/thumbs\/thumbs_almadia_fac658d2.jpg\"\n\t\t\t\tdata-image-id=\"7\"\n\t\t\t\tdata-title=\"D\u00eda de la Almad\u00eda\"\n\t\t\t\tdata-description=\"D\u00eda de la Almad\u00eda, salto de la presa de Burgui.\"\n\t\t\t\tdata-image-slug=\"_almadia_fac658d2-jpg\"\n\t\t\t\tclass=\"ngg-fancybox\" rel=\"684f8f9e330d7d9e2080eef89643d495\">\n\t\t\t\t<img\n\t\t\t\t\ttitle=\"D\u00eda de la Almad\u00eda\"\n\t\t\t\t\talt=\"D\u00eda de la Almad\u00eda\"\n\t\t\t\t\tsrc=\"https:\/\/lakukula.com\/wp-content\/gallery\/eventos\/thumbs\/thumbs_almadia_fac658d2.jpg\"\n\t\t\t\t\twidth=\"120\"\n\t\t\t\t\theight=\"90\"\n\t\t\t\t\tstyle=\"max-width:100%;\"\n\t\t\t\t\/>\n\t\t\t<\/a>\n\t\t<\/div>\n\t\t\t\t\t\t\t<\/div>\n\t\t\t\n\t\t\n\t\t\t\t<div id=\"ngg-image-10\" class=\"ngg-gallery-thumbnail-box\"\n\t\t\t\t\t\t\t\t\t\t\t>\n\t\t\t\t\t\t<div class=\"ngg-gallery-thumbnail\">\n\t\t\t<a href=\"https:\/\/lakukula.com\/wp-content\/gallery\/eventos\/procesi%C3%B3n.jpg\"\n\t\t\t\ttitle=\"Procesi\u00f3n en Burgui, fiestas patronales de San Pedro\"\n\t\t\t\tdata-src=\"https:\/\/lakukula.com\/wp-content\/gallery\/eventos\/procesi%C3%B3n.jpg\"\n\t\t\t\tdata-thumbnail=\"https:\/\/lakukula.com\/wp-content\/gallery\/eventos\/thumbs\/thumbs_procesi%C3%B3n.jpg\"\n\t\t\t\tdata-image-id=\"133\"\n\t\t\t\tdata-title=\"Procesi\u00f3n fiestas\"\n\t\t\t\tdata-description=\"Procesi\u00f3n en Burgui, fiestas patronales de San Pedro\"\n\t\t\t\tdata-image-slug=\"procesi%c3%b3n-1\"\n\t\t\t\tclass=\"ngg-fancybox\" rel=\"684f8f9e330d7d9e2080eef89643d495\">\n\t\t\t\t<img\n\t\t\t\t\ttitle=\"Procesi\u00f3n fiestas\"\n\t\t\t\t\talt=\"Procesi\u00f3n fiestas\"\n\t\t\t\t\tsrc=\"https:\/\/lakukula.com\/wp-content\/gallery\/eventos\/thumbs\/thumbs_procesi%C3%B3n.jpg\"\n\t\t\t\t\twidth=\"120\"\n\t\t\t\t\theight=\"90\"\n\t\t\t\t\tstyle=\"max-width:100%;\"\n\t\t\t\t\/>\n\t\t\t<\/a>\n\t\t<\/div>\n\t\t\t\t\t\t\t<\/div>\n\t\t\t\n\t\t\n\t\t\t\t<div id=\"ngg-image-11\" class=\"ngg-gallery-thumbnail-box\"\n\t\t\t\t\t\t\t\t\t\t\t>\n\t\t\t\t\t\t<div class=\"ngg-gallery-thumbnail\">\n\t\t\t<a href=\"https:\/\/lakukula.com\/wp-content\/gallery\/eventos\/PROCESION.jpg\"\n\t\t\t\ttitle=\"Procesi\u00f3n. Foto cedida por Tito Garate.\"\n\t\t\t\tdata-src=\"https:\/\/lakukula.com\/wp-content\/gallery\/eventos\/PROCESION.jpg\"\n\t\t\t\tdata-thumbnail=\"https:\/\/lakukula.com\/wp-content\/gallery\/eventos\/thumbs\/thumbs_PROCESION.jpg\"\n\t\t\t\tdata-image-id=\"78\"\n\t\t\t\tdata-title=\"PROCESION\"\n\t\t\t\tdata-description=\"Procesi\u00f3n. Foto cedida por Tito Garate.\"\n\t\t\t\tdata-image-slug=\"procesion\"\n\t\t\t\tclass=\"ngg-fancybox\" rel=\"684f8f9e330d7d9e2080eef89643d495\">\n\t\t\t\t<img\n\t\t\t\t\ttitle=\"PROCESION\"\n\t\t\t\t\talt=\"PROCESION\"\n\t\t\t\t\tsrc=\"https:\/\/lakukula.com\/wp-content\/gallery\/eventos\/thumbs\/thumbs_PROCESION.jpg\"\n\t\t\t\t\twidth=\"120\"\n\t\t\t\t\theight=\"90\"\n\t\t\t\t\tstyle=\"max-width:100%;\"\n\t\t\t\t\/>\n\t\t\t<\/a>\n\t\t<\/div>\n\t\t\t\t\t\t\t<\/div>\n\t\t\t\n\t\t\n\t\t\t\t<div id=\"ngg-image-12\" class=\"ngg-gallery-thumbnail-box\"\n\t\t\t\t\t\t\t\t\t\t\t>\n\t\t\t\t\t\t<div class=\"ngg-gallery-thumbnail\">\n\t\t\t<a href=\"https:\/\/lakukula.com\/wp-content\/gallery\/eventos\/ROMERIA.jpg\"\n\t\t\t\ttitle=\"Romer\u00eda a la Virgen del Camino, Burgui.\"\n\t\t\t\tdata-src=\"https:\/\/lakukula.com\/wp-content\/gallery\/eventos\/ROMERIA.jpg\"\n\t\t\t\tdata-thumbnail=\"https:\/\/lakukula.com\/wp-content\/gallery\/eventos\/thumbs\/thumbs_ROMERIA.jpg\"\n\t\t\t\tdata-image-id=\"64\"\n\t\t\t\tdata-title=\"ROMERIA\"\n\t\t\t\tdata-description=\"Romer\u00eda a la Virgen del Camino, Burgui.\"\n\t\t\t\tdata-image-slug=\"romeria\"\n\t\t\t\tclass=\"ngg-fancybox\" rel=\"684f8f9e330d7d9e2080eef89643d495\">\n\t\t\t\t<img\n\t\t\t\t\ttitle=\"ROMERIA\"\n\t\t\t\t\talt=\"ROMERIA\"\n\t\t\t\t\tsrc=\"https:\/\/lakukula.com\/wp-content\/gallery\/eventos\/thumbs\/thumbs_ROMERIA.jpg\"\n\t\t\t\t\twidth=\"120\"\n\t\t\t\t\theight=\"90\"\n\t\t\t\t\tstyle=\"max-width:100%;\"\n\t\t\t\t\/>\n\t\t\t<\/a>\n\t\t<\/div>\n\t\t\t\t\t\t\t<\/div>\n\t\t\t\n\t\t\n\t\t\t\t<div id=\"ngg-image-13\" class=\"ngg-gallery-thumbnail-box\"\n\t\t\t\t\t\t\t\t\t\t\t>\n\t\t\t\t\t\t<div class=\"ngg-gallery-thumbnail\">\n\t\t\t<a href=\"https:\/\/lakukula.com\/wp-content\/gallery\/eventos\/uskararen-eguna.jpg\"\n\t\t\t\ttitle=\"Uskararen eguna 2014, Burgi.\"\n\t\t\t\tdata-src=\"https:\/\/lakukula.com\/wp-content\/gallery\/eventos\/uskararen-eguna.jpg\"\n\t\t\t\tdata-thumbnail=\"https:\/\/lakukula.com\/wp-content\/gallery\/eventos\/thumbs\/thumbs_uskararen-eguna.jpg\"\n\t\t\t\tdata-image-id=\"11\"\n\t\t\t\tdata-title=\"Uskararen eguna\"\n\t\t\t\tdata-description=\"Uskararen eguna 2014, Burgi.\"\n\t\t\t\tdata-image-slug=\"uskararen-eguna-jpg\"\n\t\t\t\tclass=\"ngg-fancybox\" rel=\"684f8f9e330d7d9e2080eef89643d495\">\n\t\t\t\t<img\n\t\t\t\t\ttitle=\"Uskararen eguna\"\n\t\t\t\t\talt=\"Uskararen eguna\"\n\t\t\t\t\tsrc=\"https:\/\/lakukula.com\/wp-content\/gallery\/eventos\/thumbs\/thumbs_uskararen-eguna.jpg\"\n\t\t\t\t\twidth=\"120\"\n\t\t\t\t\theight=\"90\"\n\t\t\t\t\tstyle=\"max-width:100%;\"\n\t\t\t\t\/>\n\t\t\t<\/a>\n\t\t<\/div>\n\t\t\t\t\t\t\t<\/div>\n\t\t\t\n\t\t\n\t\t\t\t<div id=\"ngg-image-14\" class=\"ngg-gallery-thumbnail-box\"\n\t\t\t\t\t\t\t\t\t\t\t>\n\t\t\t\t\t\t<div class=\"ngg-gallery-thumbnail\">\n\t\t\t<a href=\"https:\/\/lakukula.com\/wp-content\/gallery\/eventos\/fiestas_txikis.jpg\"\n\t\t\t\ttitle=\"Comida popular en fiestas txikis de Burgui.\"\n\t\t\t\tdata-src=\"https:\/\/lakukula.com\/wp-content\/gallery\/eventos\/fiestas_txikis.jpg\"\n\t\t\t\tdata-thumbnail=\"https:\/\/lakukula.com\/wp-content\/gallery\/eventos\/thumbs\/thumbs_fiestas_txikis.jpg\"\n\t\t\t\tdata-image-id=\"10\"\n\t\t\t\tdata-title=\"Fiestas txikis\"\n\t\t\t\tdata-description=\"Comida popular en fiestas txikis de Burgui.\"\n\t\t\t\tdata-image-slug=\"fiestas_txikis-jpg\"\n\t\t\t\tclass=\"ngg-fancybox\" rel=\"684f8f9e330d7d9e2080eef89643d495\">\n\t\t\t\t<img\n\t\t\t\t\ttitle=\"Fiestas txikis\"\n\t\t\t\t\talt=\"Fiestas txikis\"\n\t\t\t\t\tsrc=\"https:\/\/lakukula.com\/wp-content\/gallery\/eventos\/thumbs\/thumbs_fiestas_txikis.jpg\"\n\t\t\t\t\twidth=\"120\"\n\t\t\t\t\theight=\"90\"\n\t\t\t\t\tstyle=\"max-width:100%;\"\n\t\t\t\t\/>\n\t\t\t<\/a>\n\t\t<\/div>\n\t\t\t\t\t\t\t<\/div>\n\t\t\t\n\t\t\n\t\t\t\t<div id=\"ngg-image-15\" class=\"ngg-gallery-thumbnail-box\"\n\t\t\t\t\t\t\t\t\t\t\t>\n\t\t\t\t\t\t<div class=\"ngg-gallery-thumbnail\">\n\t\t\t<a href=\"https:\/\/lakukula.com\/wp-content\/gallery\/eventos\/D%C3%ADa-del-Obispo-06-12-12.jpg\"\n\t\t\t\ttitle=\"D\u00eda del Obispo, Burgui. 2012.\"\n\t\t\t\tdata-src=\"https:\/\/lakukula.com\/wp-content\/gallery\/eventos\/D%C3%ADa-del-Obispo-06-12-12.jpg\"\n\t\t\t\tdata-thumbnail=\"https:\/\/lakukula.com\/wp-content\/gallery\/eventos\/thumbs\/thumbs_D%C3%ADa-del-Obispo-06-12-12.jpg\"\n\t\t\t\tdata-image-id=\"9\"\n\t\t\t\tdata-title=\"D\u00eda del Obispo\"\n\t\t\t\tdata-description=\"D\u00eda del Obispo, Burgui. 2012.\"\n\t\t\t\tdata-image-slug=\"d%c3%ada-del-obispo-06-12-12-jpg-1\"\n\t\t\t\tclass=\"ngg-fancybox\" rel=\"684f8f9e330d7d9e2080eef89643d495\">\n\t\t\t\t<img\n\t\t\t\t\ttitle=\"D\u00eda del Obispo\"\n\t\t\t\t\talt=\"D\u00eda del Obispo\"\n\t\t\t\t\tsrc=\"https:\/\/lakukula.com\/wp-content\/gallery\/eventos\/thumbs\/thumbs_D%C3%ADa-del-Obispo-06-12-12.jpg\"\n\t\t\t\t\twidth=\"120\"\n\t\t\t\t\theight=\"90\"\n\t\t\t\t\tstyle=\"max-width:100%;\"\n\t\t\t\t\/>\n\t\t\t<\/a>\n\t\t<\/div>\n\t\t\t\t\t\t\t<\/div>\n\t\t\t\n\t\t\n\t\t\t\t<div id=\"ngg-image-16\" class=\"ngg-gallery-thumbnail-box\"\n\t\t\t\t\t\t\t\t\t\t\t>\n\t\t\t\t\t\t<div class=\"ngg-gallery-thumbnail\">\n\t\t\t<a href=\"https:\/\/lakukula.com\/wp-content\/gallery\/eventos\/2013-Burgiko-Inauteriak-red.jpg\"\n\t\t\t\ttitle=\"Carnavales de Burgui 2013\"\n\t\t\t\tdata-src=\"https:\/\/lakukula.com\/wp-content\/gallery\/eventos\/2013-Burgiko-Inauteriak-red.jpg\"\n\t\t\t\tdata-thumbnail=\"https:\/\/lakukula.com\/wp-content\/gallery\/eventos\/thumbs\/thumbs_2013-Burgiko-Inauteriak-red.jpg\"\n\t\t\t\tdata-image-id=\"8\"\n\t\t\t\tdata-title=\"Carnavales de Burgui\"\n\t\t\t\tdata-description=\"Carnavales de Burgui 2013\"\n\t\t\t\tdata-image-slug=\"2013-burgiko-inauteriak-red-jpg\"\n\t\t\t\tclass=\"ngg-fancybox\" rel=\"684f8f9e330d7d9e2080eef89643d495\">\n\t\t\t\t<img\n\t\t\t\t\ttitle=\"Carnavales de Burgui\"\n\t\t\t\t\talt=\"Carnavales de Burgui\"\n\t\t\t\t\tsrc=\"https:\/\/lakukula.com\/wp-content\/gallery\/eventos\/thumbs\/thumbs_2013-Burgiko-Inauteriak-red.jpg\"\n\t\t\t\t\twidth=\"120\"\n\t\t\t\t\theight=\"90\"\n\t\t\t\t\tstyle=\"max-width:100%;\"\n\t\t\t\t\/>\n\t\t\t<\/a>\n\t\t<\/div>\n\t\t\t\t\t\t\t<\/div>\n\t\t\t\n\t\t\n\t\t\n\t\t<!-- Pagination -->\n\t\t<div class='ngg-clear'><\/div>\t<\/div>\n\n","protected":false},"excerpt":{"rendered":"<p>En esta galer\u00eda incluimos una serie de\u00a0fotos sobre fiestas,\u00a0romer\u00edas, procesiones&#8230; [Mostrar im\u00e1genes en presentaci\u00f3n de diapositivas]<\/p>\n","protected":false},"author":1,"featured_media":0,"parent":0,"menu_order":0,"comment_status":"open","ping_status":"open","template":"","meta":{"ngg_post_thumbnail":0,"footnotes":""},"class_list":["post-123","page","type-page","status-publish","hentry"],"yoast_head":"<!-- This site is optimized with the Yoast SEO plugin v26.6 - https:\/\/yoast.com\/wordpress\/plugins\/seo\/ -->\n<title>FIESTAS - La Kukula<\/title>\n<meta name=\"robots\" content=\"index, follow, max-snippet:-1, max-image-preview:large, max-video-preview:-1\" \/>\n<link rel=\"canonical\" href=\"https:\/\/lakukula.com\/index.php\/eventos\/\" \/>\n<meta property=\"og:locale\" content=\"es_ES\" \/>\n<meta property=\"og:type\" content=\"article\" \/>\n<meta property=\"og:title\" content=\"FIESTAS - La Kukula\" \/>\n<meta property=\"og:description\" content=\"En esta galer\u00eda incluimos una serie de\u00a0fotos sobre fiestas,\u00a0romer\u00edas, procesiones&#8230; [Mostrar im\u00e1genes en presentaci\u00f3n de diapositivas]\" \/>\n<meta property=\"og:url\" content=\"https:\/\/lakukula.com\/index.php\/eventos\/\" \/>\n<meta property=\"og:site_name\" content=\"La Kukula\" \/>\n<meta property=\"article:modified_time\" content=\"2015-05-18T22:51:46+00:00\" \/>\n<meta property=\"og:image\" content=\"http:\/\/lakukula.com\/index.php\/nextgen-attach_to_post\/preview\/id--173\" \/>\n<meta name=\"twitter:card\" content=\"summary_large_image\" \/>\n<script type=\"application\/ld+json\" class=\"yoast-schema-graph\">{\"@context\":\"https:\/\/schema.org\",\"@graph\":[{\"@type\":\"WebPage\",\"@id\":\"https:\/\/lakukula.com\/index.php\/eventos\/\",\"url\":\"https:\/\/lakukula.com\/index.php\/eventos\/\",\"name\":\"FIESTAS - La Kukula\",\"isPartOf\":{\"@id\":\"https:\/\/lakukula.com\/#website\"},\"primaryImageOfPage\":{\"@id\":\"https:\/\/lakukula.com\/index.php\/eventos\/#primaryimage\"},\"image\":{\"@id\":\"https:\/\/lakukula.com\/index.php\/eventos\/#primaryimage\"},\"thumbnailUrl\":\"http:\/\/lakukula.com\/index.php\/nextgen-attach_to_post\/preview\/id--173\",\"datePublished\":\"2015-05-13T10:34:02+00:00\",\"dateModified\":\"2015-05-18T22:51:46+00:00\",\"breadcrumb\":{\"@id\":\"https:\/\/lakukula.com\/index.php\/eventos\/#breadcrumb\"},\"inLanguage\":\"es\",\"potentialAction\":[{\"@type\":\"ReadAction\",\"target\":[\"https:\/\/lakukula.com\/index.php\/eventos\/\"]}]},{\"@type\":\"ImageObject\",\"inLanguage\":\"es\",\"@id\":\"https:\/\/lakukula.com\/index.php\/eventos\/#primaryimage\",\"url\":\"http:\/\/lakukula.com\/index.php\/nextgen-attach_to_post\/preview\/id--173\",\"contentUrl\":\"http:\/\/lakukula.com\/index.php\/nextgen-attach_to_post\/preview\/id--173\"},{\"@type\":\"BreadcrumbList\",\"@id\":\"https:\/\/lakukula.com\/index.php\/eventos\/#breadcrumb\",\"itemListElement\":[{\"@type\":\"ListItem\",\"position\":1,\"name\":\"Portada\",\"item\":\"https:\/\/lakukula.com\/\"},{\"@type\":\"ListItem\",\"position\":2,\"name\":\"FIESTAS\"}]},{\"@type\":\"WebSite\",\"@id\":\"https:\/\/lakukula.com\/#website\",\"url\":\"https:\/\/lakukula.com\/\",\"name\":\"La Kukula\",\"description\":\"Colectivo para la Difusi\u00f3n Hist\u00f3rica y Cultural de la Villa de Burgui (Navarra)\",\"potentialAction\":[{\"@type\":\"SearchAction\",\"target\":{\"@type\":\"EntryPoint\",\"urlTemplate\":\"https:\/\/lakukula.com\/?s={search_term_string}\"},\"query-input\":{\"@type\":\"PropertyValueSpecification\",\"valueRequired\":true,\"valueName\":\"search_term_string\"}}],\"inLanguage\":\"es\"}]}<\/script>\n<!-- \/ Yoast SEO plugin. -->","yoast_head_json":{"title":"FIESTAS - La Kukula","robots":{"index":"index","follow":"follow","max-snippet":"max-snippet:-1","max-image-preview":"max-image-preview:large","max-video-preview":"max-video-preview:-1"},"canonical":"https:\/\/lakukula.com\/index.php\/eventos\/","og_locale":"es_ES","og_type":"article","og_title":"FIESTAS - La Kukula","og_description":"En esta galer\u00eda incluimos una serie de\u00a0fotos sobre fiestas,\u00a0romer\u00edas, procesiones&#8230; [Mostrar im\u00e1genes en presentaci\u00f3n de diapositivas]","og_url":"https:\/\/lakukula.com\/index.php\/eventos\/","og_site_name":"La Kukula","article_modified_time":"2015-05-18T22:51:46+00:00","og_image":[{"url":"http:\/\/lakukula.com\/index.php\/nextgen-attach_to_post\/preview\/id--173","type":"","width":"","height":""}],"twitter_card":"summary_large_image","schema":{"@context":"https:\/\/schema.org","@graph":[{"@type":"WebPage","@id":"https:\/\/lakukula.com\/index.php\/eventos\/","url":"https:\/\/lakukula.com\/index.php\/eventos\/","name":"FIESTAS - La Kukula","isPartOf":{"@id":"https:\/\/lakukula.com\/#website"},"primaryImageOfPage":{"@id":"https:\/\/lakukula.com\/index.php\/eventos\/#primaryimage"},"image":{"@id":"https:\/\/lakukula.com\/index.php\/eventos\/#primaryimage"},"thumbnailUrl":"http:\/\/lakukula.com\/index.php\/nextgen-attach_to_post\/preview\/id--173","datePublished":"2015-05-13T10:34:02+00:00","dateModified":"2015-05-18T22:51:46+00:00","breadcrumb":{"@id":"https:\/\/lakukula.com\/index.php\/eventos\/#breadcrumb"},"inLanguage":"es","potentialAction":[{"@type":"ReadAction","target":["https:\/\/lakukula.com\/index.php\/eventos\/"]}]},{"@type":"ImageObject","inLanguage":"es","@id":"https:\/\/lakukula.com\/index.php\/eventos\/#primaryimage","url":"http:\/\/lakukula.com\/index.php\/nextgen-attach_to_post\/preview\/id--173","contentUrl":"http:\/\/lakukula.com\/index.php\/nextgen-attach_to_post\/preview\/id--173"},{"@type":"BreadcrumbList","@id":"https:\/\/lakukula.com\/index.php\/eventos\/#breadcrumb","itemListElement":[{"@type":"ListItem","position":1,"name":"Portada","item":"https:\/\/lakukula.com\/"},{"@type":"ListItem","position":2,"name":"FIESTAS"}]},{"@type":"WebSite","@id":"https:\/\/lakukula.com\/#website","url":"https:\/\/lakukula.com\/","name":"La Kukula","description":"Colectivo para la Difusi\u00f3n Hist\u00f3rica y Cultural de la Villa de Burgui (Navarra)","potentialAction":[{"@type":"SearchAction","target":{"@type":"EntryPoint","urlTemplate":"https:\/\/lakukula.com\/?s={search_term_string}"},"query-input":{"@type":"PropertyValueSpecification","valueRequired":true,"valueName":"search_term_string"}}],"inLanguage":"es"}]}},"_links":{"self":[{"href":"https:\/\/lakukula.com\/index.php\/wp-json\/wp\/v2\/pages\/123","targetHints":{"allow":["GET"]}}],"collection":[{"href":"https:\/\/lakukula.com\/index.php\/wp-json\/wp\/v2\/pages"}],"about":[{"href":"https:\/\/lakukula.com\/index.php\/wp-json\/wp\/v2\/types\/page"}],"author":[{"embeddable":true,"href":"https:\/\/lakukula.com\/index.php\/wp-json\/wp\/v2\/users\/1"}],"replies":[{"embeddable":true,"href":"https:\/\/lakukula.com\/index.php\/wp-json\/wp\/v2\/comments?post=123"}],"version-history":[{"count":12,"href":"https:\/\/lakukula.com\/index.php\/wp-json\/wp\/v2\/pages\/123\/revisions"}],"predecessor-version":[{"id":535,"href":"https:\/\/lakukula.com\/index.php\/wp-json\/wp\/v2\/pages\/123\/revisions\/535"}],"wp:attachment":[{"href":"https:\/\/lakukula.com\/index.php\/wp-json\/wp\/v2\/media?parent=123"}],"curies":[{"name":"wp","href":"https:\/\/api.w.org\/{rel}","templated":true}]}}