




{"id":411,"date":"2015-05-18T11:08:39","date_gmt":"2015-05-18T11:08:39","guid":{"rendered":"http:\/\/lakukula.com\/?page_id=411"},"modified":"2015-05-22T15:17:39","modified_gmt":"2015-05-22T15:17:39","slug":"burgui-en-la-conquista-de-navarra-1512-a-1521","status":"publish","type":"page","link":"https:\/\/lakukula.com\/index.php\/burgui-en-la-conquista-de-navarra-1512-a-1521\/","title":{"rendered":"Burgui en la conquista de Navarra (1512 a 1521)"},"content":{"rendered":"<p>Cuaderno monogr\u00e1fico sobre el relevante protagonismo de Burgui, por su castillo y situaci\u00f3n fronteriza, en los a\u00f1os de la conquista de Navarra, sufriendo los estragos de las campa\u00f1as por reponer en Navarra a sus leg\u00edtimos soberanos.<\/p>\n<p><a href=\"http:\/\/lakukula.com\/index.php\/boletines\/\">Volver al \u00edndice de publicaciones<\/a>.<\/p>\n","protected":false},"excerpt":{"rendered":"<p>Cuaderno monogr\u00e1fico sobre el relevante protagonismo de Burgui, por su castillo y situaci\u00f3n fronteriza, en los a\u00f1os de la conquista de Navarra, sufriendo los estragos de las campa\u00f1as por reponer en Navarra a sus leg\u00edtimos soberanos. Volver al \u00edndice de publicaciones.<\/p>\n","protected":false},"author":1,"featured_media":0,"parent":0,"menu_order":0,"comment_status":"open","ping_status":"open","template":"","meta":{"ngg_post_thumbnail":0,"footnotes":""},"class_list":["post-411","page","type-page","status-publish","hentry"],"yoast_head":"<!-- This site is optimized with the Yoast SEO plugin v26.6 - https:\/\/yoast.com\/wordpress\/plugins\/seo\/ -->\n<title>Burgui en la conquista de Navarra (1512 a 1521) - La Kukula<\/title>\n<meta name=\"robots\" content=\"index, follow, max-snippet:-1, max-image-preview:large, max-video-preview:-1\" \/>\n<link rel=\"canonical\" href=\"https:\/\/lakukula.com\/index.php\/burgui-en-la-conquista-de-navarra-1512-a-1521\/\" \/>\n<meta property=\"og:locale\" content=\"es_ES\" \/>\n<meta property=\"og:type\" content=\"article\" \/>\n<meta property=\"og:title\" content=\"Burgui en la conquista de Navarra (1512 a 1521) - La Kukula\" \/>\n<meta property=\"og:description\" content=\"Cuaderno monogr\u00e1fico sobre el relevante protagonismo de Burgui, por su castillo y situaci\u00f3n fronteriza, en los a\u00f1os de la conquista de Navarra, sufriendo los estragos de las campa\u00f1as por reponer en Navarra a sus leg\u00edtimos soberanos. Volver al \u00edndice de publicaciones.\" \/>\n<meta property=\"og:url\" content=\"https:\/\/lakukula.com\/index.php\/burgui-en-la-conquista-de-navarra-1512-a-1521\/\" \/>\n<meta property=\"og:site_name\" content=\"La Kukula\" \/>\n<meta property=\"article:modified_time\" content=\"2015-05-22T15:17:39+00:00\" \/>\n<meta name=\"twitter:card\" content=\"summary_large_image\" \/>\n<script type=\"application\/ld+json\" class=\"yoast-schema-graph\">{\"@context\":\"https:\/\/schema.org\",\"@graph\":[{\"@type\":\"WebPage\",\"@id\":\"https:\/\/lakukula.com\/index.php\/burgui-en-la-conquista-de-navarra-1512-a-1521\/\",\"url\":\"https:\/\/lakukula.com\/index.php\/burgui-en-la-conquista-de-navarra-1512-a-1521\/\",\"name\":\"Burgui en la conquista de Navarra (1512 a 1521) - La Kukula\",\"isPartOf\":{\"@id\":\"https:\/\/lakukula.com\/#website\"},\"datePublished\":\"2015-05-18T11:08:39+00:00\",\"dateModified\":\"2015-05-22T15:17:39+00:00\",\"breadcrumb\":{\"@id\":\"https:\/\/lakukula.com\/index.php\/burgui-en-la-conquista-de-navarra-1512-a-1521\/#breadcrumb\"},\"inLanguage\":\"es\",\"potentialAction\":[{\"@type\":\"ReadAction\",\"target\":[\"https:\/\/lakukula.com\/index.php\/burgui-en-la-conquista-de-navarra-1512-a-1521\/\"]}]},{\"@type\":\"BreadcrumbList\",\"@id\":\"https:\/\/lakukula.com\/index.php\/burgui-en-la-conquista-de-navarra-1512-a-1521\/#breadcrumb\",\"itemListElement\":[{\"@type\":\"ListItem\",\"position\":1,\"name\":\"Portada\",\"item\":\"https:\/\/lakukula.com\/\"},{\"@type\":\"ListItem\",\"position\":2,\"name\":\"Burgui en la conquista de Navarra (1512 a 1521)\"}]},{\"@type\":\"WebSite\",\"@id\":\"https:\/\/lakukula.com\/#website\",\"url\":\"https:\/\/lakukula.com\/\",\"name\":\"La Kukula\",\"description\":\"Colectivo para la Difusi\u00f3n Hist\u00f3rica y Cultural de la Villa de Burgui (Navarra)\",\"potentialAction\":[{\"@type\":\"SearchAction\",\"target\":{\"@type\":\"EntryPoint\",\"urlTemplate\":\"https:\/\/lakukula.com\/?s={search_term_string}\"},\"query-input\":{\"@type\":\"PropertyValueSpecification\",\"valueRequired\":true,\"valueName\":\"search_term_string\"}}],\"inLanguage\":\"es\"}]}<\/script>\n<!-- \/ Yoast SEO plugin. -->","yoast_head_json":{"title":"Burgui en la conquista de Navarra (1512 a 1521) - La Kukula","robots":{"index":"index","follow":"follow","max-snippet":"max-snippet:-1","max-image-preview":"max-image-preview:large","max-video-preview":"max-video-preview:-1"},"canonical":"https:\/\/lakukula.com\/index.php\/burgui-en-la-conquista-de-navarra-1512-a-1521\/","og_locale":"es_ES","og_type":"article","og_title":"Burgui en la conquista de Navarra (1512 a 1521) - La Kukula","og_description":"Cuaderno monogr\u00e1fico sobre el relevante protagonismo de Burgui, por su castillo y situaci\u00f3n fronteriza, en los a\u00f1os de la conquista de Navarra, sufriendo los estragos de las campa\u00f1as por reponer en Navarra a sus leg\u00edtimos soberanos. Volver al \u00edndice de publicaciones.","og_url":"https:\/\/lakukula.com\/index.php\/burgui-en-la-conquista-de-navarra-1512-a-1521\/","og_site_name":"La Kukula","article_modified_time":"2015-05-22T15:17:39+00:00","twitter_card":"summary_large_image","schema":{"@context":"https:\/\/schema.org","@graph":[{"@type":"WebPage","@id":"https:\/\/lakukula.com\/index.php\/burgui-en-la-conquista-de-navarra-1512-a-1521\/","url":"https:\/\/lakukula.com\/index.php\/burgui-en-la-conquista-de-navarra-1512-a-1521\/","name":"Burgui en la conquista de Navarra (1512 a 1521) - La Kukula","isPartOf":{"@id":"https:\/\/lakukula.com\/#website"},"datePublished":"2015-05-18T11:08:39+00:00","dateModified":"2015-05-22T15:17:39+00:00","breadcrumb":{"@id":"https:\/\/lakukula.com\/index.php\/burgui-en-la-conquista-de-navarra-1512-a-1521\/#breadcrumb"},"inLanguage":"es","potentialAction":[{"@type":"ReadAction","target":["https:\/\/lakukula.com\/index.php\/burgui-en-la-conquista-de-navarra-1512-a-1521\/"]}]},{"@type":"BreadcrumbList","@id":"https:\/\/lakukula.com\/index.php\/burgui-en-la-conquista-de-navarra-1512-a-1521\/#breadcrumb","itemListElement":[{"@type":"ListItem","position":1,"name":"Portada","item":"https:\/\/lakukula.com\/"},{"@type":"ListItem","position":2,"name":"Burgui en la conquista de Navarra (1512 a 1521)"}]},{"@type":"WebSite","@id":"https:\/\/lakukula.com\/#website","url":"https:\/\/lakukula.com\/","name":"La Kukula","description":"Colectivo para la Difusi\u00f3n Hist\u00f3rica y Cultural de la Villa de Burgui (Navarra)","potentialAction":[{"@type":"SearchAction","target":{"@type":"EntryPoint","urlTemplate":"https:\/\/lakukula.com\/?s={search_term_string}"},"query-input":{"@type":"PropertyValueSpecification","valueRequired":true,"valueName":"search_term_string"}}],"inLanguage":"es"}]}},"_links":{"self":[{"href":"https:\/\/lakukula.com\/index.php\/wp-json\/wp\/v2\/pages\/411","targetHints":{"allow":["GET"]}}],"collection":[{"href":"https:\/\/lakukula.com\/index.php\/wp-json\/wp\/v2\/pages"}],"about":[{"href":"https:\/\/lakukula.com\/index.php\/wp-json\/wp\/v2\/types\/page"}],"author":[{"embeddable":true,"href":"https:\/\/lakukula.com\/index.php\/wp-json\/wp\/v2\/users\/1"}],"replies":[{"embeddable":true,"href":"https:\/\/lakukula.com\/index.php\/wp-json\/wp\/v2\/comments?post=411"}],"version-history":[{"count":3,"href":"https:\/\/lakukula.com\/index.php\/wp-json\/wp\/v2\/pages\/411\/revisions"}],"predecessor-version":[{"id":732,"href":"https:\/\/lakukula.com\/index.php\/wp-json\/wp\/v2\/pages\/411\/revisions\/732"}],"wp:attachment":[{"href":"https:\/\/lakukula.com\/index.php\/wp-json\/wp\/v2\/media?parent=411"}],"curies":[{"name":"wp","href":"https:\/\/api.w.org\/{rel}","templated":true}]}}